{"id":2397,"date":"2025-11-13T04:30:23","date_gmt":"2025-11-13T04:30:23","guid":{"rendered":"https:\/\/staging-prod-fl.cdcndevelopment.com\/?page_id=2397"},"modified":"2025-11-13T04:36:44","modified_gmt":"2025-11-13T04:36:44","slug":"faq","status":"publish","type":"page","link":"https:\/\/www.consumerdirectfl.com\/es\/resources\/faq\/","title":{"rendered":"PREGUNTAS FRECUENTES"},"content":{"rendered":"<div data-elementor-type=\"wp-page\" data-elementor-id=\"2397\" class=\"elementor elementor-2397\" data-elementor-post-type=\"page\">\n\t\t\t\t<div class=\"elementor-element elementor-element-b98bea7 e-flex e-con-boxed e-con e-parent\" data-id=\"b98bea7\" data-element_type=\"container\">\n\t\t\t\t\t<div class=\"e-con-inner\">\n\t\t\t\t<div class=\"elementor-element elementor-element-73acb07 elementor-widget elementor-widget-heading\" data-id=\"73acb07\" data-element_type=\"widget\" data-widget_type=\"heading.default\">\n\t\t\t\t\t<h3 class=\"elementor-heading-title elementor-size-default\">Preguntas frecuentes<\/h3>\t\t\t\t<\/div>\n\t\t\t\t<div class=\"elementor-element elementor-element-b2fa76f elementor-widget elementor-widget-heading\" data-id=\"b2fa76f\" data-element_type=\"widget\" data-widget_type=\"heading.default\">\n\t\t\t\t\t<div class=\"elementor-heading-title elementor-size-default\">A continuaci\u00f3n encontrar\u00e1 respuestas a las preguntas que nos hacen con m\u00e1s frecuencia sobre Consumer Direct Care Network Washington y nuestro papel como Empleador Dirigido al Consumidor (CDE) para el Departamento de Servicios Sociales y de Salud de Washington. Estas preguntas frecuentes se actualizan peri\u00f3dicamente.<\/div>\t\t\t\t<\/div>\n\t\t<div class=\"elementor-element elementor-element-3a2537f e-con-full e-flex e-con e-child\" data-id=\"3a2537f\" data-element_type=\"container\" data-settings=\"{&quot;background_background&quot;:&quot;classic&quot;}\">\n\t\t\t\t<div class=\"elementor-element elementor-element-513b33d elementor-widget elementor-widget-shortcode\" data-id=\"513b33d\" data-element_type=\"widget\" data-widget_type=\"shortcode.default\">\n\t\t\t\t\t\t\t<div class=\"elementor-shortcode\">\n    <div class=\"custom-faq-wrapper\">\n            \n            <div class=\"custom-faq-pills\">\n\n                            \n            <\/div>\n\n            \n            <div class=\"wa-custom-faq-wrapper sidebar\">\n\n                    \n                        <div class=\"wa-custom-faq-sidebar\">\n\n                            \n                                <button class=\"wa-custom-faq-btn active\" data-category=\"44\">PREGUNTAS GENERALES<\/button>\n\n                            \n                                <button class=\"wa-custom-faq-btn\" data-category=\"47\">PREGUNTAS SOBRE EL REGISTRO<\/button>\n\n                            \n                                <button class=\"wa-custom-faq-btn\" data-category=\"48\">REGISTRO Y APROBACI\u00d3N DE PREGUNTAS SOBRE EL TIEMPO<\/button>\n\n                                                    <\/div>\n                        \n                    \n                    <div class=\"wa-custom-faq-content sidebar\">\n\n                                                \n                        <div class=\"wa-custom-faq-back\">\n                            <span class=\"wa-custom-faq-back-arrow\"><svg height=\"48\" viewbox=\"0 0 48 48\" width=\"48\" xmlns=\"http:\/\/www.w3.org\/2000\/svg\">\n                            <circle cx=\"24\" cy=\"24\" fill=\"white\" r=\"24\"><\/circle>\n                            <path d=\"M19.825 25L25.425 30.6L24 32L16 24L24 16L25.425 17.4L19.825 23H32V25H19.825Z\" fill=\"#003764\"><\/path><\/svg><\/span> <span class=\"wa-custom-faq-back-text\">Volver<\/span>\n                        <\/div><!-- faq accordion: start -->\n\n                        \n                        <div class=\"wa-custom-faq-main-block\">\n\n                            \n                                <div class=\"wa-custom-faq-subheading\">\n                                    <p><\/p>\n                                <\/div>\n                                \n                            \n                            <div class=\"custom-faq-accordion\">\n                                \n    <div class=\"custom-faq-item\">\n        <div class=\"custom-faq-question\">\n            <span class=\"custom-faq-question-text\">\u00bfQu\u00e9 es la verificaci\u00f3n electr\u00f3nica de las visitas (EVV)?<\/span> <span class=\"custom-faq-icon\"><svg height=\"24\" viewbox=\"0 0 24 24\" width=\"24\" xmlns=\"http:\/\/www.w3.org\/2000\/svg\">\n            <path d=\"M2 8.025L3.775 6.25L12 14.475L20.225 6.25L22 8.025L12 18.025L2 8.025Z\" fill=\"#003764\"><\/path><\/svg><\/span>\n        <\/div>\n        <div class=\"custom-faq-answer\">\n            \n<p>R: La verificaci\u00f3n electr\u00f3nica de visitas (EVV) es un sistema electr\u00f3nico que utilizan los cuidadores para fichar la entrada y la salida y que documenta cu\u00e1ndo comienza y termina una visita de prestaci\u00f3n de servicios.<\/p>\n        <\/div>\n    <\/div>\n\n    \n    <div class=\"custom-faq-item\">\n        <div class=\"custom-faq-question\">\n            <span class=\"custom-faq-question-text\">\u00bfCu\u00e1ndo empez\u00f3 esto? Nunca hab\u00eda o\u00eddo hablar de EVV.<\/span> <span class=\"custom-faq-icon\"><svg height=\"24\" viewbox=\"0 0 24 24\" width=\"24\" xmlns=\"http:\/\/www.w3.org\/2000\/svg\">\n            <path d=\"M2 8.025L3.775 6.25L12 14.475L20.225 6.25L22 8.025L12 18.025L2 8.025Z\" fill=\"#003764\"><\/path><\/svg><\/span>\n        <\/div>\n        <div class=\"custom-faq-answer\">\n            \n<p>R: A partir del 30 de enero de 2022, los cuidadores deben usar EVV para cada turno. El Sistema de Contenci\u00f3n de Costos de Atenci\u00f3n M\u00e9dica de Arizona (AHCCCS) seleccion\u00f3 a Sandata como el proveedor de Verificaci\u00f3n Electr\u00f3nica de Visitas (EVV).<\/p>\n        <\/div>\n    <\/div>\n\n    \n    <div class=\"custom-faq-item\">\n        <div class=\"custom-faq-question\">\n            <span class=\"custom-faq-question-text\">\u00bfQu\u00e9 ocurre si no puedo fichar por una de las siguientes razones?<\/span> <span class=\"custom-faq-icon\"><svg height=\"24\" viewbox=\"0 0 24 24\" width=\"24\" xmlns=\"http:\/\/www.w3.org\/2000\/svg\">\n            <path d=\"M2 8.025L3.775 6.25L12 14.475L20.225 6.25L22 8.025L12 18.025L2 8.025Z\" fill=\"#003764\"><\/path><\/svg><\/span>\n        <\/div>\n        <div class=\"custom-faq-answer\">\n            \n<ol class=\"wp-block-list\">\n<li>Olvid\u00e9 fichar<\/li>\n\n\n\n<li>Mi tel\u00e9fono o tablet no funcionaba<\/li>\n\n\n\n<li>La aplicaci\u00f3n no funciona<\/li>\n\n\n\n<li>No tengo tel\u00e9fono ni tableta<\/li>\n\n\n\n<li>Mi socio tuvo una urgencia<\/li>\n\n\n\n<li>He fichado a la hora equivocada<\/li>\n<\/ol>\n\n\n\n<p>R: Cuando surjan problemas y no pueda fichar la entrada\/salida, el equipo administrativo de CDCN deber\u00e1 realizar un ajuste en el turno o una entrada manual del tiempo. Por favor, llame a CDCN para resolver el error a tiempo, para evitar un retraso en el pago. Las entradas manuales de tiempo del cuidador ser\u00e1n supervisadas por CDCN, y es posible que se requiera documentaci\u00f3n en papel.<\/p>\n\n\n\n<p><\/p>\n        <\/div>\n    <\/div>\n\n    \n    <div class=\"custom-faq-item\">\n        <div class=\"custom-faq-question\">\n            <span class=\"custom-faq-question-text\">\u00bfQu\u00e9 ocurre si utilizo una hoja de control en papel?<\/span> <span class=\"custom-faq-icon\"><svg height=\"24\" viewbox=\"0 0 24 24\" width=\"24\" xmlns=\"http:\/\/www.w3.org\/2000\/svg\">\n            <path d=\"M2 8.025L3.775 6.25L12 14.475L20.225 6.25L22 8.025L12 18.025L2 8.025Z\" fill=\"#003764\"><\/path><\/svg><\/span>\n        <\/div>\n        <div class=\"custom-faq-answer\">\n            \n<p>R: Todos los cuidadores deben enviar el tiempo a trav\u00e9s de una opci\u00f3n EVV aprobada. EVV ser\u00e1 su nueva hoja de horas. Las hojas de horas en papel solo se aceptar\u00e1n para las fechas de servicio hasta la fecha de lanzamiento de EVV (30 de enero de 2022).<\/p>\n        <\/div>\n    <\/div>\n\n    \n    <div class=\"custom-faq-item\">\n        <div class=\"custom-faq-question\">\n            <span class=\"custom-faq-question-text\">Env\u00edo el tiempo en el portal web. \u00bfPuedo seguir haci\u00e9ndolo?<\/span> <span class=\"custom-faq-icon\"><svg height=\"24\" viewbox=\"0 0 24 24\" width=\"24\" xmlns=\"http:\/\/www.w3.org\/2000\/svg\">\n            <path d=\"M2 8.025L3.775 6.25L12 14.475L20.225 6.25L22 8.025L12 18.025L2 8.025Z\" fill=\"#003764\"><\/path><\/svg><\/span>\n        <\/div>\n        <div class=\"custom-faq-answer\">\n            \n<p>R: No. Todas las horas deben enviarse a trav\u00e9s de EVV. EVV es su nueva hoja de horas. Las \u00fanicas excepciones ser\u00e1n las bajas por enfermedad, el tiempo de portal a portal y el tiempo de formaci\u00f3n, que se presentar\u00e1n en papel.<\/p>\n        <\/div>\n    <\/div>\n\n    \n    <div class=\"custom-faq-item\">\n        <div class=\"custom-faq-question\">\n            <span class=\"custom-faq-question-text\">\u00bfCu\u00e1les son las opciones de EVV aprobadas que puedo utilizar para presentar mi tiempo?<\/span> <span class=\"custom-faq-icon\"><svg height=\"24\" viewbox=\"0 0 24 24\" width=\"24\" xmlns=\"http:\/\/www.w3.org\/2000\/svg\">\n            <path d=\"M2 8.025L3.775 6.25L12 14.475L20.225 6.25L22 8.025L12 18.025L2 8.025Z\" fill=\"#003764\"><\/path><\/svg><\/span>\n        <\/div>\n        <div class=\"custom-faq-answer\">\n            \n<p>R: Hay tres formas aprobadas de presentar turnos EVV:<\/p>\n\n\n\n<ul class=\"wp-block-list\">\n<li>La aplicaci\u00f3n m\u00f3vil Sandata. Para ello se necesita un smartphone o dispositivo con servicios de localizaci\u00f3n.<\/li>\n\n\n\n<li>El tel\u00e9fono fijo del consumidor\/cliente situado en su domicilio.<\/li>\n\n\n\n<li>El dispositivo alternativo Sandata (Fixed Visit Verification Device, FVVD) situado en el domicilio del cliente.<\/li>\n<\/ul>\n\n\n\n<p><\/p>\n        <\/div>\n    <\/div>\n\n    \n    <div class=\"custom-faq-item\">\n        <div class=\"custom-faq-question\">\n            <span class=\"custom-faq-question-text\">\u00bfHay tel\u00e9fonos m\u00f3viles gratuitos para la EVV?<\/span> <span class=\"custom-faq-icon\"><svg height=\"24\" viewbox=\"0 0 24 24\" width=\"24\" xmlns=\"http:\/\/www.w3.org\/2000\/svg\">\n            <path d=\"M2 8.025L3.775 6.25L12 14.475L20.225 6.25L22 8.025L12 18.025L2 8.025Z\" fill=\"#003764\"><\/path><\/svg><\/span>\n        <\/div>\n        <div class=\"custom-faq-answer\">\n            \n<p>R: El estado puede proporcionar tel\u00e9fonos m\u00f3viles a los cuidadores. El Estado tambi\u00e9n puede proporcionar un Dispositivo Fijo de Verificaci\u00f3n de Visitas en circunstancias aprobadas.<\/p>\n        <\/div>\n    <\/div>\n\n    \n    <div class=\"custom-faq-item\">\n        <div class=\"custom-faq-question\">\n            <span class=\"custom-faq-question-text\">\u00bfHabr\u00e1 sesiones informativas donde pueda obtener m\u00e1s informaci\u00f3n?<\/span> <span class=\"custom-faq-icon\"><svg height=\"24\" viewbox=\"0 0 24 24\" width=\"24\" xmlns=\"http:\/\/www.w3.org\/2000\/svg\">\n            <path d=\"M2 8.025L3.775 6.25L12 14.475L20.225 6.25L22 8.025L12 18.025L2 8.025Z\" fill=\"#003764\"><\/path><\/svg><\/span>\n        <\/div>\n        <div class=\"custom-faq-answer\">\n            \n<p>R: AHCCCS est\u00e1 planeando organizar varias sesiones informativas para miembros y cuidadores en un futuro pr\u00f3ximo. Por favor, siga consultando el sitio web de AHCCCS para obtener la informaci\u00f3n m\u00e1s actualizada. Tambi\u00e9n lo alentamos a que se suscriba a la lista de notificaci\u00f3n por correo electr\u00f3nico para recibir informaci\u00f3n actualizada sobre la iniciativa EVV, incluida la informaci\u00f3n de extensi\u00f3n y capacitaci\u00f3n. El enlace para suscribirse se encuentra en el sitio web de AHCCCS.<\/p>\n        <\/div>\n    <\/div>\n\n    \n    <div class=\"custom-faq-item\">\n        <div class=\"custom-faq-question\">\n            <span class=\"custom-faq-question-text\">\u00bfMe pagar\u00e1n m\u00e1s r\u00e1pido con la aplicaci\u00f3n m\u00f3vil?<\/span> <span class=\"custom-faq-icon\"><svg height=\"24\" viewbox=\"0 0 24 24\" width=\"24\" xmlns=\"http:\/\/www.w3.org\/2000\/svg\">\n            <path d=\"M2 8.025L3.775 6.25L12 14.475L20.225 6.25L22 8.025L12 18.025L2 8.025Z\" fill=\"#003764\"><\/path><\/svg><\/span>\n        <\/div>\n        <div class=\"custom-faq-answer\">\n            \n<p>R: El uso de la aplicaci\u00f3n m\u00f3vil no cambia tu calendario de pagos. Sin embargo, reduce los errores comunes que se encuentran en las hojas de horas en papel y que pueden retrasar su pago, por lo que es m\u00e1s probable que se le pague a tiempo.<\/p>\n        <\/div>\n    <\/div>\n\n    \n    <div class=\"custom-faq-item\">\n        <div class=\"custom-faq-question\">\n            <span class=\"custom-faq-question-text\">\u00bfCu\u00e1nto cuesta descargar la aplicaci\u00f3n m\u00f3vil?<\/span> <span class=\"custom-faq-icon\"><svg height=\"24\" viewbox=\"0 0 24 24\" width=\"24\" xmlns=\"http:\/\/www.w3.org\/2000\/svg\">\n            <path d=\"M2 8.025L3.775 6.25L12 14.475L20.225 6.25L22 8.025L12 18.025L2 8.025Z\" fill=\"#003764\"><\/path><\/svg><\/span>\n        <\/div>\n        <div class=\"custom-faq-answer\">\n            \n<p>R: La descarga de la aplicaci\u00f3n m\u00f3vil es gratuita.<\/p>\n        <\/div>\n    <\/div>\n\n    \n    <div class=\"custom-faq-item\">\n        <div class=\"custom-faq-question\">\n            <span class=\"custom-faq-question-text\">\u00bfQui\u00e9n es Consumer Direct Care Network Virginia (CDVA)?<\/span> <span class=\"custom-faq-icon\"><svg height=\"24\" viewbox=\"0 0 24 24\" width=\"24\" xmlns=\"http:\/\/www.w3.org\/2000\/svg\">\n            <path d=\"M2 8.025L3.775 6.25L12 14.475L20.225 6.25L22 8.025L12 18.025L2 8.025Z\" fill=\"#003764\"><\/path><\/svg><\/span>\n        <\/div>\n        <div class=\"custom-faq-answer\">\n            \n<p>Lorem ipsum dolor sit amet, consectetur adipiscing elit. Sed do eiusmod tempor incididunt ut labore et dolore magna aliqua. Ut enim ad minim veniam, quis nostrud exercitation ullamco laboris nisi ut aliquip ex ea commodo consequat. Duis aute irure dolor in reprehenderit in voluptate velit esse cillum dolore eu fugiat nulla pariatur.<\/p>\n        <\/div>\n    <\/div>\n\n    \n    <div class=\"custom-faq-item\">\n        <div class=\"custom-faq-question\">\n            <span class=\"custom-faq-question-text\">\u00bfA qu\u00e9 programas sirve CDCN?<\/span> <span class=\"custom-faq-icon\"><svg height=\"24\" viewbox=\"0 0 24 24\" width=\"24\" xmlns=\"http:\/\/www.w3.org\/2000\/svg\">\n            <path d=\"M2 8.025L3.775 6.25L12 14.475L20.225 6.25L22 8.025L12 18.025L2 8.025Z\" fill=\"#003764\"><\/path><\/svg><\/span>\n        <\/div>\n        <div class=\"custom-faq-answer\">\n            \n<p>Lorem ipsum dolor sit amet, consectetur adipiscing elit. Sed do eiusmod tempor incididunt ut labore et dolore magna aliqua. Ut enim ad minim veniam, quis nostrud exercitation ullamco laboris nisi ut aliquip ex ea commodo consequat. Duis aute irure dolor in reprehenderit in voluptate velit esse cillum dolore eu fugiat nulla pariatur.<\/p>\n        <\/div>\n    <\/div>\n\n    \n    <div class=\"custom-faq-item\">\n        <div class=\"custom-faq-question\">\n            <span class=\"custom-faq-question-text\">\u00bfCu\u00e1nto tiempo lleva CDCN en el mercado?<\/span> <span class=\"custom-faq-icon\"><svg height=\"24\" viewbox=\"0 0 24 24\" width=\"24\" xmlns=\"http:\/\/www.w3.org\/2000\/svg\">\n            <path d=\"M2 8.025L3.775 6.25L12 14.475L20.225 6.25L22 8.025L12 18.025L2 8.025Z\" fill=\"#003764\"><\/path><\/svg><\/span>\n        <\/div>\n        <div class=\"custom-faq-answer\">\n            \n<p>Lorem ipsum dolor sit amet, consectetur adipiscing elit. Sed do eiusmod tempor incididunt ut labore et dolore magna aliqua. Ut enim ad minim veniam, quis nostrud exercitation ullamco laboris nisi ut aliquip ex ea commodo consequat. Duis aute irure dolor in reprehenderit in voluptate velit esse cillum dolore eu fugiat nulla pariatur.<\/p>\n        <\/div>\n    <\/div>\n\n    \n    <div class=\"custom-faq-item\">\n        <div class=\"custom-faq-question\">\n            <span class=\"custom-faq-question-text\">\u00bfCu\u00e1l es el papel del CDCN como F\/EA?<\/span> <span class=\"custom-faq-icon\"><svg height=\"24\" viewbox=\"0 0 24 24\" width=\"24\" xmlns=\"http:\/\/www.w3.org\/2000\/svg\">\n            <path d=\"M2 8.025L3.775 6.25L12 14.475L20.225 6.25L22 8.025L12 18.025L2 8.025Z\" fill=\"#003764\"><\/path><\/svg><\/span>\n        <\/div>\n        <div class=\"custom-faq-answer\">\n            \n<p>Lorem ipsum dolor sit amet, consectetur adipiscing elit. Sed do eiusmod tempor incididunt ut labore et dolore magna aliqua. Ut enim ad minim veniam, quis nostrud exercitation ullamco laboris nisi ut aliquip ex ea commodo consequat. Duis aute irure dolor in reprehenderit in voluptate velit esse cillum dolore eu fugiat nulla pariatur.<\/p>\n        <\/div>\n    <\/div>\n\n                                <\/div>\n\n                        <\/div><!-- faq accordion: end-->\n                    <\/div>\n            <\/div>\n    <\/div>\n    \n    <\/div>\n\t\t\t\t\t\t<\/div>\n\t\t\t\t<\/div>\n\t\t\t\t\t<\/div>\n\t\t\t\t<\/div>\n\t\t\t\t<\/div>","protected":false},"excerpt":{"rendered":"<p>Preguntas frecuentes A continuaci\u00f3n encontrar\u00e1 respuestas a las preguntas que nos hacen con m\u00e1s frecuencia sobre Consumer Direct Care Network Washington y nuestro papel como Empleador Dirigido al Consumidor (CDE) para el Departamento de Servicios Sociales y de Salud de Washington. Estas preguntas frecuentes se actualizan peri\u00f3dicamente.<\/p>","protected":false},"author":8,"featured_media":0,"parent":235,"menu_order":0,"comment_status":"closed","ping_status":"closed","template":"","meta":{"_acf_changed":false,"footnotes":""},"class_list":["post-2397","page","type-page","status-publish","hentry"],"acf":[],"yoast_head":"<!-- This site is optimized with the Yoast SEO plugin v26.0 - https:\/\/yoast.com\/wordpress\/plugins\/seo\/ -->\n<title>FAQ - Florida - Consumer Direct Care<\/title>\n<meta name=\"robots\" content=\"index, follow, max-snippet:-1, max-image-preview:large, max-video-preview:-1\" \/>\n<link rel=\"canonical\" href=\"https:\/\/www.consumerdirectfl.com\/es\/resources\/faq\/\" \/>\n<meta property=\"og:locale\" content=\"es_ES\" \/>\n<meta property=\"og:type\" content=\"article\" \/>\n<meta property=\"og:title\" content=\"FAQ - Florida - Consumer Direct Care\" \/>\n<meta property=\"og:description\" content=\"Frequently Asked Questions Below you\u2019ll find answers to the questions we are asked most frequently about Consumer Direct Care Network Washington and our role as the Consumer Directed Employer (CDE) for Washington\u2019s Department of Social and Health Services. These frequently asked questions are updated regularly.\" \/>\n<meta property=\"og:url\" content=\"https:\/\/www.consumerdirectfl.com\/es\/resources\/faq\/\" \/>\n<meta property=\"og:site_name\" content=\"Florida - Consumer Direct Care\" \/>\n<meta property=\"article:modified_time\" content=\"2025-11-13T04:36:44+00:00\" \/>\n<meta name=\"twitter:card\" content=\"summary_large_image\" \/>\n<meta name=\"twitter:label1\" content=\"Tiempo de lectura\" \/>\n\t<meta name=\"twitter:data1\" content=\"1 minuto\" \/>\n<script type=\"application\/ld+json\" class=\"yoast-schema-graph\">{\"@context\":\"https:\/\/schema.org\",\"@graph\":[{\"@type\":\"WebPage\",\"@id\":\"https:\/\/www.consumerdirectfl.com\/es\/resources\/faq\/\",\"url\":\"https:\/\/www.consumerdirectfl.com\/es\/resources\/faq\/\",\"name\":\"FAQ - Florida - Consumer Direct Care\",\"isPartOf\":{\"@id\":\"https:\/\/www.consumerdirectfl.com\/#website\"},\"datePublished\":\"2025-11-13T04:30:23+00:00\",\"dateModified\":\"2025-11-13T04:36:44+00:00\",\"breadcrumb\":{\"@id\":\"https:\/\/www.consumerdirectfl.com\/es\/resources\/faq\/#breadcrumb\"},\"inLanguage\":\"es\",\"potentialAction\":[{\"@type\":\"ReadAction\",\"target\":[\"https:\/\/www.consumerdirectfl.com\/es\/resources\/faq\/\"]}]},{\"@type\":\"BreadcrumbList\",\"@id\":\"https:\/\/www.consumerdirectfl.com\/es\/resources\/faq\/#breadcrumb\",\"itemListElement\":[{\"@type\":\"ListItem\",\"position\":1,\"name\":\"Home\",\"item\":\"https:\/\/www.consumerdirectfl.com\/\"},{\"@type\":\"ListItem\",\"position\":2,\"name\":\"Resources\",\"item\":\"https:\/\/www.consumerdirectfl.com\/resources\/\"},{\"@type\":\"ListItem\",\"position\":3,\"name\":\"FAQ\"}]},{\"@type\":\"WebSite\",\"@id\":\"https:\/\/www.consumerdirectfl.com\/#website\",\"url\":\"https:\/\/www.consumerdirectfl.com\/\",\"name\":\"Florida - Consumer Direct Care\",\"description\":\"\",\"publisher\":{\"@id\":\"https:\/\/www.consumerdirectfl.com\/#organization\"},\"potentialAction\":[{\"@type\":\"SearchAction\",\"target\":{\"@type\":\"EntryPoint\",\"urlTemplate\":\"https:\/\/www.consumerdirectfl.com\/?s={search_term_string}\"},\"query-input\":{\"@type\":\"PropertyValueSpecification\",\"valueRequired\":true,\"valueName\":\"search_term_string\"}}],\"inLanguage\":\"es\"},{\"@type\":\"Organization\",\"@id\":\"https:\/\/www.consumerdirectfl.com\/#organization\",\"name\":\"Florida - Consumer Direct Care\",\"url\":\"https:\/\/www.consumerdirectfl.com\/\",\"logo\":{\"@type\":\"ImageObject\",\"inLanguage\":\"es\",\"@id\":\"https:\/\/www.consumerdirectfl.com\/#\/schema\/logo\/image\/\",\"url\":\"https:\/\/www.consumerdirectfl.com\/wp-content\/uploads\/sites\/21\/2025\/10\/Florida-Logo-Dark.png\",\"contentUrl\":\"https:\/\/www.consumerdirectfl.com\/wp-content\/uploads\/sites\/21\/2025\/10\/Florida-Logo-Dark.png\",\"width\":158,\"height\":48,\"caption\":\"Florida - Consumer Direct Care\"},\"image\":{\"@id\":\"https:\/\/www.consumerdirectfl.com\/#\/schema\/logo\/image\/\"}}]}<\/script>\n<!-- \/ Yoast SEO plugin. -->","yoast_head_json":{"title":"FAQ - Florida - Consumer Direct Care","robots":{"index":"index","follow":"follow","max-snippet":"max-snippet:-1","max-image-preview":"max-image-preview:large","max-video-preview":"max-video-preview:-1"},"canonical":"https:\/\/www.consumerdirectfl.com\/es\/resources\/faq\/","og_locale":"es_ES","og_type":"article","og_title":"FAQ - Florida - Consumer Direct Care","og_description":"Frequently Asked Questions Below you\u2019ll find answers to the questions we are asked most frequently about Consumer Direct Care Network Washington and our role as the Consumer Directed Employer (CDE) for Washington\u2019s Department of Social and Health Services. These frequently asked questions are updated regularly.","og_url":"https:\/\/www.consumerdirectfl.com\/es\/resources\/faq\/","og_site_name":"Florida - Consumer Direct Care","article_modified_time":"2025-11-13T04:36:44+00:00","twitter_card":"summary_large_image","twitter_misc":{"Tiempo de lectura":"1 minuto"},"schema":{"@context":"https:\/\/schema.org","@graph":[{"@type":"WebPage","@id":"https:\/\/www.consumerdirectfl.com\/es\/resources\/faq\/","url":"https:\/\/www.consumerdirectfl.com\/es\/resources\/faq\/","name":"FAQ - Florida - Consumer Direct Care","isPartOf":{"@id":"https:\/\/www.consumerdirectfl.com\/#website"},"datePublished":"2025-11-13T04:30:23+00:00","dateModified":"2025-11-13T04:36:44+00:00","breadcrumb":{"@id":"https:\/\/www.consumerdirectfl.com\/es\/resources\/faq\/#breadcrumb"},"inLanguage":"es","potentialAction":[{"@type":"ReadAction","target":["https:\/\/www.consumerdirectfl.com\/es\/resources\/faq\/"]}]},{"@type":"BreadcrumbList","@id":"https:\/\/www.consumerdirectfl.com\/es\/resources\/faq\/#breadcrumb","itemListElement":[{"@type":"ListItem","position":1,"name":"Home","item":"https:\/\/www.consumerdirectfl.com\/"},{"@type":"ListItem","position":2,"name":"Resources","item":"https:\/\/www.consumerdirectfl.com\/resources\/"},{"@type":"ListItem","position":3,"name":"FAQ"}]},{"@type":"WebSite","@id":"https:\/\/www.consumerdirectfl.com\/#website","url":"https:\/\/www.consumerdirectfl.com\/","name":"Florida - Atenci\u00f3n directa al consumidor","description":"","publisher":{"@id":"https:\/\/www.consumerdirectfl.com\/#organization"},"potentialAction":[{"@type":"SearchAction","target":{"@type":"EntryPoint","urlTemplate":"https:\/\/www.consumerdirectfl.com\/?s={search_term_string}"},"query-input":{"@type":"PropertyValueSpecification","valueRequired":true,"valueName":"search_term_string"}}],"inLanguage":"es"},{"@type":"Organization","@id":"https:\/\/www.consumerdirectfl.com\/#organization","name":"Florida - Atenci\u00f3n directa al consumidor","url":"https:\/\/www.consumerdirectfl.com\/","logo":{"@type":"ImageObject","inLanguage":"es","@id":"https:\/\/www.consumerdirectfl.com\/#\/schema\/logo\/image\/","url":"https:\/\/www.consumerdirectfl.com\/wp-content\/uploads\/sites\/21\/2025\/10\/Florida-Logo-Dark.png","contentUrl":"https:\/\/www.consumerdirectfl.com\/wp-content\/uploads\/sites\/21\/2025\/10\/Florida-Logo-Dark.png","width":158,"height":48,"caption":"Florida - Consumer Direct Care"},"image":{"@id":"https:\/\/www.consumerdirectfl.com\/#\/schema\/logo\/image\/"}}]}},"_links":{"self":[{"href":"https:\/\/www.consumerdirectfl.com\/es\/wp-json\/wp\/v2\/pages\/2397","targetHints":{"allow":["GET"]}}],"collection":[{"href":"https:\/\/www.consumerdirectfl.com\/es\/wp-json\/wp\/v2\/pages"}],"about":[{"href":"https:\/\/www.consumerdirectfl.com\/es\/wp-json\/wp\/v2\/types\/page"}],"author":[{"embeddable":true,"href":"https:\/\/www.consumerdirectfl.com\/es\/wp-json\/wp\/v2\/users\/8"}],"replies":[{"embeddable":true,"href":"https:\/\/www.consumerdirectfl.com\/es\/wp-json\/wp\/v2\/comments?post=2397"}],"version-history":[{"count":10,"href":"https:\/\/www.consumerdirectfl.com\/es\/wp-json\/wp\/v2\/pages\/2397\/revisions"}],"predecessor-version":[{"id":2408,"href":"https:\/\/www.consumerdirectfl.com\/es\/wp-json\/wp\/v2\/pages\/2397\/revisions\/2408"}],"up":[{"embeddable":true,"href":"https:\/\/www.consumerdirectfl.com\/es\/wp-json\/wp\/v2\/pages\/235"}],"wp:attachment":[{"href":"https:\/\/www.consumerdirectfl.com\/es\/wp-json\/wp\/v2\/media?parent=2397"}],"curies":[{"name":"wp","href":"https:\/\/api.w.org\/{rel}","templated":true}]}}